{"id":174,"date":"2025-07-21T22:10:03","date_gmt":"2025-07-21T20:10:03","guid":{"rendered":"https:\/\/associationsportivemlk.com\/?page_id=174"},"modified":"2025-07-24T06:27:35","modified_gmt":"2025-07-24T06:27:35","slug":"trophees","status":"publish","type":"page","link":"https:\/\/associationsportivemlk.com\/index.php\/trophees\/","title":{"rendered":"Troph\u00e9es"},"content":{"rendered":"<div class=\"wpb-content-wrapper\"><div id=\"tdi_1_63b\" class=\"tdc-row\"><div class=\"vc_row tdi_2_3b3  wpb_row td-pb-row\" >\n<style scoped>\n\n\/* custom css *\/\n.tdi_2_3b3,\r\n                .tdi_2_3b3 .tdc-columns{\r\n                    min-height: 0;\r\n                }.tdi_2_3b3,\r\n\t\t\t\t.tdi_2_3b3 .tdc-columns{\r\n\t\t\t\t    display: block;\r\n\t\t\t\t}.tdi_2_3b3 .tdc-columns{\r\n\t\t\t\t    width: 100%;\r\n\t\t\t\t}\n<\/style><div class=\"vc_column tdi_4_d5d  wpb_column vc_column_container tdc-column td-pb-span12\">\n<style scoped>\n\n\/* custom css *\/\n.tdi_4_d5d{\r\n                    vertical-align: baseline;\r\n                }.tdi_4_d5d > .wpb_wrapper,\r\n\t\t\t\t.tdi_4_d5d > .wpb_wrapper > .tdc-elements{\r\n\t\t\t\t    display: block;\r\n\t\t\t\t}.tdi_4_d5d > .wpb_wrapper > .tdc-elements{\r\n\t\t\t\t    width: 100%;\r\n\t\t\t\t}.tdi_4_d5d > .wpb_wrapper{\r\n\t\t\t\t    width: auto;\r\n\t\t\t\t    height: auto;\r\n\t\t\t\t}\n<\/style><div class=\"wpb_wrapper\"><div class=\"td_block_wrap td_block_5 tdi_5_bd6 td-pb-border-top td_block_template_9 td-column-3 td_block_padding\"  data-td-block-uid=\"tdi_5_bd6\" ><script>var block_tdi_5_bd6 = new tdBlock();\nblock_tdi_5_bd6.id = \"tdi_5_bd6\";\nblock_tdi_5_bd6.atts = '{\"tdc_css\":\"\",\"block_type\":\"td_block_5\",\"separator\":\"\",\"custom_title\":\"\",\"custom_url\":\"\",\"block_template_id\":\"\",\"m3_tl\":\"\",\"post_ids\":\"\",\"category_id\":\"\",\"category_ids\":\"\",\"tag_slug\":\"\",\"autors_id\":\"\",\"installed_post_types\":\"\",\"sort\":\"\",\"limit\":\"5\",\"offset\":\"\",\"show_modified_date\":\"\",\"el_class\":\"\",\"td_ajax_filter_type\":\"\",\"td_ajax_filter_ids\":\"\",\"td_filter_default_txt\":\"All\",\"td_ajax_preloading\":\"\",\"f_header_font_header\":\"\",\"f_header_font_title\":\"Block header\",\"f_header_font_settings\":\"\",\"f_header_font_family\":\"\",\"f_header_font_size\":\"\",\"f_header_font_line_height\":\"\",\"f_header_font_style\":\"\",\"f_header_font_weight\":\"\",\"f_header_font_transform\":\"\",\"f_header_font_spacing\":\"\",\"f_header_\":\"\",\"f_ajax_font_title\":\"Ajax categories\",\"f_ajax_font_settings\":\"\",\"f_ajax_font_family\":\"\",\"f_ajax_font_size\":\"\",\"f_ajax_font_line_height\":\"\",\"f_ajax_font_style\":\"\",\"f_ajax_font_weight\":\"\",\"f_ajax_font_transform\":\"\",\"f_ajax_font_spacing\":\"\",\"f_ajax_\":\"\",\"f_more_font_title\":\"Load more button\",\"f_more_font_settings\":\"\",\"f_more_font_family\":\"\",\"f_more_font_size\":\"\",\"f_more_font_line_height\":\"\",\"f_more_font_style\":\"\",\"f_more_font_weight\":\"\",\"f_more_font_transform\":\"\",\"f_more_font_spacing\":\"\",\"f_more_\":\"\",\"m3f_title_font_header\":\"\",\"m3f_title_font_title\":\"Article title\",\"m3f_title_font_settings\":\"\",\"m3f_title_font_family\":\"\",\"m3f_title_font_size\":\"\",\"m3f_title_font_line_height\":\"\",\"m3f_title_font_style\":\"\",\"m3f_title_font_weight\":\"\",\"m3f_title_font_transform\":\"\",\"m3f_title_font_spacing\":\"\",\"m3f_title_\":\"\",\"m3f_cat_font_title\":\"Article category tag\",\"m3f_cat_font_settings\":\"\",\"m3f_cat_font_family\":\"\",\"m3f_cat_font_size\":\"\",\"m3f_cat_font_line_height\":\"\",\"m3f_cat_font_style\":\"\",\"m3f_cat_font_weight\":\"\",\"m3f_cat_font_transform\":\"\",\"m3f_cat_font_spacing\":\"\",\"m3f_cat_\":\"\",\"m3f_meta_font_title\":\"Article meta info\",\"m3f_meta_font_settings\":\"\",\"m3f_meta_font_family\":\"\",\"m3f_meta_font_size\":\"\",\"m3f_meta_font_line_height\":\"\",\"m3f_meta_font_style\":\"\",\"m3f_meta_font_weight\":\"\",\"m3f_meta_font_transform\":\"\",\"m3f_meta_font_spacing\":\"\",\"m3f_meta_\":\"\",\"ajax_pagination\":\"\",\"ajax_pagination_infinite_stop\":\"\",\"css\":\"\",\"td_column_number\":3,\"header_color\":\"\",\"color_preset\":\"\",\"border_top\":\"\",\"class\":\"tdi_5_bd6\",\"tdc_css_class\":\"tdi_5_bd6\",\"tdc_css_class_style\":\"tdi_5_bd6_rand_style\"}';\nblock_tdi_5_bd6.td_column_number = \"3\";\nblock_tdi_5_bd6.block_type = \"td_block_5\";\nblock_tdi_5_bd6.post_count = \"5\";\nblock_tdi_5_bd6.found_posts = \"11\";\nblock_tdi_5_bd6.header_color = \"\";\nblock_tdi_5_bd6.ajax_pagination_infinite_stop = \"\";\nblock_tdi_5_bd6.max_num_pages = \"3\";\ntdBlocksArray.push(block_tdi_5_bd6);\n<\/script><div class=\"td-block-title-wrap\"><\/div><div id=tdi_5_bd6 class=\"td_block_inner\">\n\n\t<div class=\"td-block-row\">\n\n\t<div class=\"td-block-span4\">\n\r\n        <div class=\"td_module_3 td_module_wrap td-animation-stack\">\r\n            <div class=\"td-module-image\">\r\n                <div class=\"td-module-thumb\"><a href=\"https:\/\/associationsportivemlk.com\/index.php\/coyah-le-monument-libre-de-kaloum-accueilli-en-heros-apres-sa-promotion-en-d2\/\" rel=\"bookmark\" class=\"td-image-wrap \" title=\"Coyah : le Monument Libre de Kaloum accueilli en h\u00e9ros apr\u00e8s sa promotion en D2\" ><img loading=\"lazy\" decoding=\"async\" class=\"entry-thumb\" src=\"data:image\/png;base64,iVBORw0KGgoAAAANSUhEUgAAAUQAAADrAQMAAAArGX0KAAAAA1BMVEWurq51dlI4AAAAAXRSTlMmkutdmwAAACBJREFUaN7twTEBAAAAwiD7pzbEXmAAAAAAAAAAAACQHSaOAAGSp1GBAAAAAElFTkSuQmCC\" alt=\"\" title=\"Coyah : le Monument Libre de Kaloum accueilli en h\u00e9ros apr\u00e8s sa promotion en D2\" data-type=\"image_tag\" data-img-url=\"https:\/\/associationsportivemlk.com\/wp-content\/uploads\/2025\/07\/IMG-20250706-WA0027-324x235.jpg\"  width=\"324\" height=\"235\" \/><\/a><\/div>                            <\/div>\r\n            <h3 class=\"entry-title td-module-title\"><a href=\"https:\/\/associationsportivemlk.com\/index.php\/coyah-le-monument-libre-de-kaloum-accueilli-en-heros-apres-sa-promotion-en-d2\/\" rel=\"bookmark\" title=\"Coyah : le Monument Libre de Kaloum accueilli en h\u00e9ros apr\u00e8s sa promotion en D2\">Coyah : le Monument Libre de Kaloum accueilli en h\u00e9ros apr\u00e8s...<\/a><\/h3>\r\n\r\n            <div class=\"td-module-meta-info\">\r\n                <span class=\"td-post-author-name\"><a href=\"https:\/\/associationsportivemlk.com\/index.php\/author\/Asmkl\/\">Asmkl<\/a> <span>-<\/span> <\/span>                <span class=\"td-post-date\"><time class=\"entry-date updated td-module-date\" datetime=\"2025-07-24T15:01:38+00:00\" >24 juillet 2025<\/time><\/span>                <span class=\"td-module-comments\"><a href=\"https:\/\/associationsportivemlk.com\/index.php\/coyah-le-monument-libre-de-kaloum-accueilli-en-heros-apres-sa-promotion-en-d2\/#respond\">0<\/a><\/span>            <\/div>\r\n\r\n            \r\n        <\/div>\r\n\r\n        \n\t<\/div> <!-- .\/td-block-span4 -->\n\n\t<div class=\"td-block-span4\">\n\r\n        <div class=\"td_module_3 td_module_wrap td-animation-stack\">\r\n            <div class=\"td-module-image\">\r\n                <div class=\"td-module-thumb\"><a href=\"https:\/\/associationsportivemlk.com\/index.php\/foot-ambitions-objectifs-et-vision-le-president-de-las-mlk-aboubacar-bangoura-se-confie-a-avenirguinee\/\" rel=\"bookmark\" class=\"td-image-wrap \" title=\"Foot. Ambitions, Objectifs et Vision : le pr\u00e9sident de l\u2019AS MLK, Aboubacar Bangoura se confie \u00e0 Avenirguinee\" ><img loading=\"lazy\" decoding=\"async\" class=\"entry-thumb\" src=\"data:image\/png;base64,iVBORw0KGgoAAAANSUhEUgAAAUQAAADrAQMAAAArGX0KAAAAA1BMVEWurq51dlI4AAAAAXRSTlMmkutdmwAAACBJREFUaN7twTEBAAAAwiD7pzbEXmAAAAAAAAAAAACQHSaOAAGSp1GBAAAAAElFTkSuQmCC\" alt=\"\" title=\"Foot. Ambitions, Objectifs et Vision : le pr\u00e9sident de l\u2019AS MLK, Aboubacar Bangoura se confie \u00e0 Avenirguinee\" data-type=\"image_tag\" data-img-url=\"https:\/\/associationsportivemlk.com\/wp-content\/uploads\/2025\/07\/IMG-20250514-WA0057-750x375-1-324x235.jpg\"  width=\"324\" height=\"235\" \/><\/a><\/div>                            <\/div>\r\n            <h3 class=\"entry-title td-module-title\"><a href=\"https:\/\/associationsportivemlk.com\/index.php\/foot-ambitions-objectifs-et-vision-le-president-de-las-mlk-aboubacar-bangoura-se-confie-a-avenirguinee\/\" rel=\"bookmark\" title=\"Foot. Ambitions, Objectifs et Vision : le pr\u00e9sident de l\u2019AS MLK, Aboubacar Bangoura se confie \u00e0 Avenirguinee\">Foot. Ambitions, Objectifs et Vision : le pr\u00e9sident de l\u2019AS MLK,...<\/a><\/h3>\r\n\r\n            <div class=\"td-module-meta-info\">\r\n                <span class=\"td-post-author-name\"><a href=\"https:\/\/associationsportivemlk.com\/index.php\/author\/Asmkl\/\">Asmkl<\/a> <span>-<\/span> <\/span>                <span class=\"td-post-date\"><time class=\"entry-date updated td-module-date\" datetime=\"2025-07-24T13:32:13+00:00\" >24 juillet 2025<\/time><\/span>                <span class=\"td-module-comments\"><a href=\"https:\/\/associationsportivemlk.com\/index.php\/foot-ambitions-objectifs-et-vision-le-president-de-las-mlk-aboubacar-bangoura-se-confie-a-avenirguinee\/#respond\">0<\/a><\/span>            <\/div>\r\n\r\n            \r\n        <\/div>\r\n\r\n        \n\t<\/div> <!-- .\/td-block-span4 -->\n\n\t<div class=\"td-block-span4\">\n\r\n        <div class=\"td_module_3 td_module_wrap td-animation-stack\">\r\n            <div class=\"td-module-image\">\r\n                <div class=\"td-module-thumb\"><a href=\"https:\/\/associationsportivemlk.com\/index.php\/de-lacademie-a-lambition-professionnelle-lepopee-de-las-monuments-libres-de-kaloum\/\" rel=\"bookmark\" class=\"td-image-wrap \" title=\"De l\u2019acad\u00e9mie \u00e0 l\u2019ambition professionnelle : l\u2019\u00e9pop\u00e9e de l\u2019AS Monuments Libres de Kaloum\" ><img loading=\"lazy\" decoding=\"async\" class=\"entry-thumb\" src=\"data:image\/png;base64,iVBORw0KGgoAAAANSUhEUgAAAUQAAADrAQMAAAArGX0KAAAAA1BMVEWurq51dlI4AAAAAXRSTlMmkutdmwAAACBJREFUaN7twTEBAAAAwiD7pzbEXmAAAAAAAAAAAACQHSaOAAGSp1GBAAAAAElFTkSuQmCC\" alt=\"\" title=\"De l\u2019acad\u00e9mie \u00e0 l\u2019ambition professionnelle : l\u2019\u00e9pop\u00e9e de l\u2019AS Monuments Libres de Kaloum\" data-type=\"image_tag\" data-img-url=\"https:\/\/associationsportivemlk.com\/wp-content\/uploads\/2025\/07\/IMG-20250514-WA0015-324x235.webp\"  width=\"324\" height=\"235\" \/><\/a><\/div>                            <\/div>\r\n            <h3 class=\"entry-title td-module-title\"><a href=\"https:\/\/associationsportivemlk.com\/index.php\/de-lacademie-a-lambition-professionnelle-lepopee-de-las-monuments-libres-de-kaloum\/\" rel=\"bookmark\" title=\"De l\u2019acad\u00e9mie \u00e0 l\u2019ambition professionnelle : l\u2019\u00e9pop\u00e9e de l\u2019AS Monuments Libres de Kaloum\">De l\u2019acad\u00e9mie \u00e0 l\u2019ambition professionnelle : l\u2019\u00e9pop\u00e9e de l\u2019AS Monuments Libres...<\/a><\/h3>\r\n\r\n            <div class=\"td-module-meta-info\">\r\n                <span class=\"td-post-author-name\"><a href=\"https:\/\/associationsportivemlk.com\/index.php\/author\/Asmkl\/\">Asmkl<\/a> <span>-<\/span> <\/span>                <span class=\"td-post-date\"><time class=\"entry-date updated td-module-date\" datetime=\"2025-07-24T10:43:32+00:00\" >24 juillet 2025<\/time><\/span>                <span class=\"td-module-comments\"><a href=\"https:\/\/associationsportivemlk.com\/index.php\/de-lacademie-a-lambition-professionnelle-lepopee-de-las-monuments-libres-de-kaloum\/#respond\">0<\/a><\/span>            <\/div>\r\n\r\n            \r\n        <\/div>\r\n\r\n        \n\t<\/div> <!-- .\/td-block-span4 --><\/div><!--.\/row-fluid-->\n\n\t<div class=\"td-block-row\">\n\n\t<div class=\"td-block-span4\">\n\r\n        <div class=\"td_module_3 td_module_wrap td-animation-stack\">\r\n            <div class=\"td-module-image\">\r\n                <div class=\"td-module-thumb\"><a href=\"https:\/\/associationsportivemlk.com\/index.php\/football-lassociation-sportive-des-monuments-libres-de-kaloum-mlk-celebre-en-apotheose-sa-montee-en-ligue-2\/\" rel=\"bookmark\" class=\"td-image-wrap \" title=\"Football : l\u2019Association Sportive des Monuments  libres de Kaloum  ( MLK ) c\u00e9l\u00e8bre en apoth\u00e9ose sa mont\u00e9e en Ligue 2 !\" ><img loading=\"lazy\" decoding=\"async\" class=\"entry-thumb\" src=\"data:image\/png;base64,iVBORw0KGgoAAAANSUhEUgAAAUQAAADrAQMAAAArGX0KAAAAA1BMVEWurq51dlI4AAAAAXRSTlMmkutdmwAAACBJREFUaN7twTEBAAAAwiD7pzbEXmAAAAAAAAAAAACQHSaOAAGSp1GBAAAAAElFTkSuQmCC\" alt=\"\" title=\"Football : l\u2019Association Sportive des Monuments  libres de Kaloum  ( MLK ) c\u00e9l\u00e8bre en apoth\u00e9ose sa mont\u00e9e en Ligue 2 !\" data-type=\"image_tag\" data-img-url=\"https:\/\/associationsportivemlk.com\/wp-content\/uploads\/2025\/07\/Messenger_creation_60945DDB-A802-4508-B579-6DEF9287D53C-1-324x235.jpeg\"  width=\"324\" height=\"235\" \/><\/a><\/div>                            <\/div>\r\n            <h3 class=\"entry-title td-module-title\"><a href=\"https:\/\/associationsportivemlk.com\/index.php\/football-lassociation-sportive-des-monuments-libres-de-kaloum-mlk-celebre-en-apotheose-sa-montee-en-ligue-2\/\" rel=\"bookmark\" title=\"Football : l\u2019Association Sportive des Monuments  libres de Kaloum  ( MLK ) c\u00e9l\u00e8bre en apoth\u00e9ose sa mont\u00e9e en Ligue 2 !\">Football : l\u2019Association Sportive des Monuments  libres de Kaloum ...<\/a><\/h3>\r\n\r\n            <div class=\"td-module-meta-info\">\r\n                <span class=\"td-post-author-name\"><a href=\"https:\/\/associationsportivemlk.com\/index.php\/author\/Asmkl\/\">Asmkl<\/a> <span>-<\/span> <\/span>                <span class=\"td-post-date\"><time class=\"entry-date updated td-module-date\" datetime=\"2025-07-24T10:41:03+00:00\" >24 juillet 2025<\/time><\/span>                <span class=\"td-module-comments\"><a href=\"https:\/\/associationsportivemlk.com\/index.php\/football-lassociation-sportive-des-monuments-libres-de-kaloum-mlk-celebre-en-apotheose-sa-montee-en-ligue-2\/#respond\">0<\/a><\/span>            <\/div>\r\n\r\n            \r\n        <\/div>\r\n\r\n        \n\t<\/div> <!-- .\/td-block-span4 -->\n\n\t<div class=\"td-block-span4\">\n\r\n        <div class=\"td_module_3 td_module_wrap td-animation-stack\">\r\n            <div class=\"td-module-image\">\r\n                <div class=\"td-module-thumb\"><a href=\"https:\/\/associationsportivemlk.com\/index.php\/mlk-savoure-sa-montee-en-ligue-2-a-coyah\/\" rel=\"bookmark\" class=\"td-image-wrap \" title=\"MLK savoure sa mont\u00e9e en Ligue 2 \u00e0 Coyah\" ><img loading=\"lazy\" decoding=\"async\" class=\"entry-thumb\" src=\"data:image\/png;base64,iVBORw0KGgoAAAANSUhEUgAAAUQAAADrAQMAAAArGX0KAAAAA1BMVEWurq51dlI4AAAAAXRSTlMmkutdmwAAACBJREFUaN7twTEBAAAAwiD7pzbEXmAAAAAAAAAAAACQHSaOAAGSp1GBAAAAAElFTkSuQmCC\" alt=\"\" title=\"MLK savoure sa mont\u00e9e en Ligue 2 \u00e0 Coyah\" data-type=\"image_tag\" data-img-url=\"https:\/\/associationsportivemlk.com\/wp-content\/uploads\/2025\/07\/equipe.jpg\"  width=\"324\" height=\"207\" \/><\/a><\/div>                            <\/div>\r\n            <h3 class=\"entry-title td-module-title\"><a href=\"https:\/\/associationsportivemlk.com\/index.php\/mlk-savoure-sa-montee-en-ligue-2-a-coyah\/\" rel=\"bookmark\" title=\"MLK savoure sa mont\u00e9e en Ligue 2 \u00e0 Coyah\">MLK savoure sa mont\u00e9e en Ligue 2 \u00e0 Coyah<\/a><\/h3>\r\n\r\n            <div class=\"td-module-meta-info\">\r\n                <span class=\"td-post-author-name\"><a href=\"https:\/\/associationsportivemlk.com\/index.php\/author\/Asmkl\/\">Asmkl<\/a> <span>-<\/span> <\/span>                <span class=\"td-post-date\"><time class=\"entry-date updated td-module-date\" datetime=\"2025-07-24T00:34:09+00:00\" >24 juillet 2025<\/time><\/span>                <span class=\"td-module-comments\"><a href=\"https:\/\/associationsportivemlk.com\/index.php\/mlk-savoure-sa-montee-en-ligue-2-a-coyah\/#respond\">0<\/a><\/span>            <\/div>\r\n\r\n            \r\n        <\/div>\r\n\r\n        \n\t<\/div> <!-- .\/td-block-span4 --><\/div><!--.\/row-fluid--><\/div><\/div> <!-- .\/block --><\/div><\/div><\/div><\/div><\/div>","protected":false},"excerpt":{"rendered":"Coyah : le Monument Libre de Kaloum accueilli en h\u00e9ros apr\u00e8s... Asmkl - 24 juillet 2025 0 Foot. Ambitions, Objectifs et Vision : le pr\u00e9sident de l\u2019AS MLK,... Asmkl - 24 juillet 2025 0 De l\u2019acad\u00e9mie \u00e0 l\u2019ambition professionnelle : l\u2019\u00e9pop\u00e9e de l\u2019AS Monuments Libres... Asmkl - 24 juillet 2025 0 Football : l\u2019Association Sportive [...]","protected":false},"author":1,"featured_media":0,"parent":0,"menu_order":0,"comment_status":"closed","ping_status":"closed","template":"","meta":{"footnotes":""},"class_list":["post-174","page","type-page","status-publish"],"yoast_head":"<!-- This site is optimized with the Yoast SEO plugin v27.3 - https:\/\/yoast.com\/product\/yoast-seo-wordpress\/ -->\n<title>Troph\u00e9es - le site officiel - Association Sportive des Monuments Libres de Kaloum<\/title>\n<meta name=\"robots\" content=\"index, follow, max-snippet:-1, max-image-preview:large, max-video-preview:-1\" \/>\n<link rel=\"canonical\" href=\"https:\/\/associationsportivemlk.com\/index.php\/trophees\/\" class=\"yoast-seo-meta-tag\" \/>\n<meta property=\"og:locale\" content=\"fr_FR\" class=\"yoast-seo-meta-tag\" \/>\n<meta property=\"og:type\" content=\"article\" class=\"yoast-seo-meta-tag\" \/>\n<meta property=\"og:title\" content=\"Troph\u00e9es - le site officiel - Association Sportive des Monuments Libres de Kaloum\" class=\"yoast-seo-meta-tag\" \/>\n<meta property=\"og:url\" content=\"https:\/\/associationsportivemlk.com\/index.php\/trophees\/\" class=\"yoast-seo-meta-tag\" \/>\n<meta property=\"og:site_name\" content=\"le site officiel - Association Sportive des Monuments Libres de Kaloum\" class=\"yoast-seo-meta-tag\" \/>\n<meta property=\"article:modified_time\" content=\"2025-07-24T06:27:35+00:00\" class=\"yoast-seo-meta-tag\" \/>\n<meta name=\"twitter:card\" content=\"summary_large_image\" class=\"yoast-seo-meta-tag\" \/>\n<meta name=\"twitter:label1\" content=\"Dur\u00e9e de lecture estim\u00e9e\" class=\"yoast-seo-meta-tag\" \/>\n\t<meta name=\"twitter:data1\" content=\"1 minute\" class=\"yoast-seo-meta-tag\" \/>\n<script type=\"application\/ld+json\" class=\"yoast-schema-graph\">{\"@context\":\"https:\\\/\\\/schema.org\",\"@graph\":[{\"@type\":\"WebPage\",\"@id\":\"https:\\\/\\\/associationsportivemlk.com\\\/index.php\\\/trophees\\\/\",\"url\":\"https:\\\/\\\/associationsportivemlk.com\\\/index.php\\\/trophees\\\/\",\"name\":\"Troph\u00e9es - le site officiel - Association Sportive des Monuments Libres de Kaloum\",\"isPartOf\":{\"@id\":\"https:\\\/\\\/associationsportivemlk.com\\\/#website\"},\"datePublished\":\"2025-07-21T20:10:03+00:00\",\"dateModified\":\"2025-07-24T06:27:35+00:00\",\"breadcrumb\":{\"@id\":\"https:\\\/\\\/associationsportivemlk.com\\\/index.php\\\/trophees\\\/#breadcrumb\"},\"inLanguage\":\"fr-FR\",\"potentialAction\":[{\"@type\":\"ReadAction\",\"target\":[\"https:\\\/\\\/associationsportivemlk.com\\\/index.php\\\/trophees\\\/\"]}]},{\"@type\":\"BreadcrumbList\",\"@id\":\"https:\\\/\\\/associationsportivemlk.com\\\/index.php\\\/trophees\\\/#breadcrumb\",\"itemListElement\":[{\"@type\":\"ListItem\",\"position\":1,\"name\":\"Home\",\"item\":\"https:\\\/\\\/associationsportivemlk.com\\\/\"},{\"@type\":\"ListItem\",\"position\":2,\"name\":\"Troph\u00e9es\"}]},{\"@type\":\"WebSite\",\"@id\":\"https:\\\/\\\/associationsportivemlk.com\\\/#website\",\"url\":\"https:\\\/\\\/associationsportivemlk.com\\\/\",\"name\":\"le site officiel - Association Sportive des Monuments Libres de Kaloum\",\"description\":\"\",\"potentialAction\":[{\"@type\":\"SearchAction\",\"target\":{\"@type\":\"EntryPoint\",\"urlTemplate\":\"https:\\\/\\\/associationsportivemlk.com\\\/?s={search_term_string}\"},\"query-input\":{\"@type\":\"PropertyValueSpecification\",\"valueRequired\":true,\"valueName\":\"search_term_string\"}}],\"inLanguage\":\"fr-FR\"}]}<\/script>\n<!-- \/ Yoast SEO plugin. -->","yoast_head_json":{"title":"Troph\u00e9es - le site officiel - Association Sportive des Monuments Libres de Kaloum","robots":{"index":"index","follow":"follow","max-snippet":"max-snippet:-1","max-image-preview":"max-image-preview:large","max-video-preview":"max-video-preview:-1"},"canonical":"https:\/\/associationsportivemlk.com\/index.php\/trophees\/","og_locale":"fr_FR","og_type":"article","og_title":"Troph\u00e9es - le site officiel - Association Sportive des Monuments Libres de Kaloum","og_url":"https:\/\/associationsportivemlk.com\/index.php\/trophees\/","og_site_name":"le site officiel - Association Sportive des Monuments Libres de Kaloum","article_modified_time":"2025-07-24T06:27:35+00:00","twitter_card":"summary_large_image","twitter_misc":{"Dur\u00e9e de lecture estim\u00e9e":"1 minute"},"schema":{"@context":"https:\/\/schema.org","@graph":[{"@type":"WebPage","@id":"https:\/\/associationsportivemlk.com\/index.php\/trophees\/","url":"https:\/\/associationsportivemlk.com\/index.php\/trophees\/","name":"Troph\u00e9es - le site officiel - Association Sportive des Monuments Libres de Kaloum","isPartOf":{"@id":"https:\/\/associationsportivemlk.com\/#website"},"datePublished":"2025-07-21T20:10:03+00:00","dateModified":"2025-07-24T06:27:35+00:00","breadcrumb":{"@id":"https:\/\/associationsportivemlk.com\/index.php\/trophees\/#breadcrumb"},"inLanguage":"fr-FR","potentialAction":[{"@type":"ReadAction","target":["https:\/\/associationsportivemlk.com\/index.php\/trophees\/"]}]},{"@type":"BreadcrumbList","@id":"https:\/\/associationsportivemlk.com\/index.php\/trophees\/#breadcrumb","itemListElement":[{"@type":"ListItem","position":1,"name":"Home","item":"https:\/\/associationsportivemlk.com\/"},{"@type":"ListItem","position":2,"name":"Troph\u00e9es"}]},{"@type":"WebSite","@id":"https:\/\/associationsportivemlk.com\/#website","url":"https:\/\/associationsportivemlk.com\/","name":"le site officiel - Association Sportive des Monuments Libres de Kaloum","description":"","potentialAction":[{"@type":"SearchAction","target":{"@type":"EntryPoint","urlTemplate":"https:\/\/associationsportivemlk.com\/?s={search_term_string}"},"query-input":{"@type":"PropertyValueSpecification","valueRequired":true,"valueName":"search_term_string"}}],"inLanguage":"fr-FR"}]}},"_links":{"self":[{"href":"https:\/\/associationsportivemlk.com\/index.php\/wp-json\/wp\/v2\/pages\/174","targetHints":{"allow":["GET"]}}],"collection":[{"href":"https:\/\/associationsportivemlk.com\/index.php\/wp-json\/wp\/v2\/pages"}],"about":[{"href":"https:\/\/associationsportivemlk.com\/index.php\/wp-json\/wp\/v2\/types\/page"}],"author":[{"embeddable":true,"href":"https:\/\/associationsportivemlk.com\/index.php\/wp-json\/wp\/v2\/users\/1"}],"replies":[{"embeddable":true,"href":"https:\/\/associationsportivemlk.com\/index.php\/wp-json\/wp\/v2\/comments?post=174"}],"version-history":[{"count":5,"href":"https:\/\/associationsportivemlk.com\/index.php\/wp-json\/wp\/v2\/pages\/174\/revisions"}],"predecessor-version":[{"id":215,"href":"https:\/\/associationsportivemlk.com\/index.php\/wp-json\/wp\/v2\/pages\/174\/revisions\/215"}],"wp:attachment":[{"href":"https:\/\/associationsportivemlk.com\/index.php\/wp-json\/wp\/v2\/media?parent=174"}],"curies":[{"name":"wp","href":"https:\/\/api.w.org\/{rel}","templated":true}]}}